{"id":414,"date":"2024-12-09T12:33:29","date_gmt":"2024-12-09T11:33:29","guid":{"rendered":"https:\/\/bb-concept-renovation.fr\/?page_id=414"},"modified":"2024-12-09T12:58:38","modified_gmt":"2024-12-09T11:58:38","slug":"politique-de-confidentialite","status":"publish","type":"page","link":"https:\/\/bb-concept-renovation.fr\/index.php\/politique-de-confidentialite\/","title":{"rendered":"Politique de confidentialit\u00e9"},"content":{"rendered":"\t\t<div data-elementor-type=\"wp-page\" data-elementor-id=\"414\" class=\"elementor elementor-414\" data-elementor-settings=\"{&quot;ha_cmc_init_switcher&quot;:&quot;no&quot;}\">\n\t\t\t\t<div class=\"elementor-element elementor-element-18fc02fc e-flex e-con-boxed e-con e-parent\" data-id=\"18fc02fc\" data-element_type=\"container\" data-e-type=\"container\" data-settings=\"{&quot;_ha_eqh_enable&quot;:false}\">\n\t\t\t\t\t<div class=\"e-con-inner\">\n\t\t\t\t<div class=\"elementor-element elementor-element-1b66b5dc elementor-widget elementor-widget-text-editor\" data-id=\"1b66b5dc\" data-element_type=\"widget\" data-e-type=\"widget\" data-widget_type=\"text-editor.default\">\n\t\t\t\t<div class=\"elementor-widget-container\">\n\t\t\t\t\t\t\t\t\t<div id=\"outer-wrap\" class=\"site clr\">\n<div id=\"wrap\" class=\"clr\"><main id=\"main\" class=\"site-main clr\" role=\"main\">\n<div id=\"content-wrap\" class=\"container clr\">\n<div id=\"primary\" class=\"content-area clr\">\n<div id=\"content\" class=\"site-content clr\">\n<article class=\"single-page-article clr\">\n<div class=\"entry clr\">\n<div class=\"elementor elementor-651\" data-elementor-type=\"wp-page\" data-elementor-id=\"651\" data-elementor-settings=\"{&quot;ha_cmc_init_switcher&quot;:&quot;no&quot;}\">\n<div class=\"elementor-element elementor-element-e9a6dc0 e-flex e-con-boxed e-con e-parent e-lazyloaded\" data-id=\"e9a6dc0\" data-element_type=\"container\" data-settings=\"{&quot;_ha_eqh_enable&quot;:false}\">\n<div class=\"e-con-inner\">\n<div class=\"elementor-element elementor-element-556b4f2a elementor-widget elementor-widget-text-editor\" data-id=\"556b4f2a\" data-element_type=\"widget\" data-widget_type=\"text-editor.default\">\n<div class=\"elementor-widget-container\">\n<h1 class=\"western\" style=\"text-align: center;\">Mentions l\u00e9gales<br \/>\u00a0 \u00a0 \u00a0 \u00a0 \u00a0 \u00a0 \u00a0 \u00a0 \u00a0<\/h1>\n<h1 class=\"western\">\u00a0Politique de Confidentialit\u00e9\u00a0 \u00a0 mis a jours le 05\/12\/2024<\/h1>\n<h2 class=\"western\">R\u00e8glement g\u00e9n\u00e9ral sur la protection des donn\u00e9es (RGPD)<\/h2>\n<p>Nous nous engageons \u00e0 ce que la collecte et le traitement de vos donn\u00e9es, effectu\u00e9s \u00e0 partir de notre site internet<u>,<\/u>\u00a0soient conformes au r\u00e8glement g\u00e9n\u00e9ral sur la protection des donn\u00e9es (RGPD).<\/p>\n<p>Chaque formulaire ou t\u00e9l\u00e9service limite la collecte des donn\u00e9es personnelles au strict n\u00e9cessaire (minimisation des donn\u00e9es) et indique notamment: les informations \u00e0 donn\u00e9es de mani\u00e8re obligatoire pour la transmission et le traitement de vos demandes. Dans le cadre de la mise \u00e0 disposition de notre Site, nous traitons vos donn\u00e9es \u00e0 caract\u00e8re personnel dans le respect du R\u00e8glement G\u00e9n\u00e9ral sur la Protection des Donn\u00e9es 2016\/679 du 27 avril 2016 (\u00ab RGPD \u00bb) et dans les conditions expos\u00e9es ci-apr\u00e8s.<\/p>\n<h2 class=\"western\">Respect des lois en vigueur<\/h2>\n<p>Les informations recueillies sur le sites b\u00e9n\u00e9ficient de la protection de la loi \u00ab\u00a0Informatique et Libert\u00e9s\u00a0\u00bb n\u00b0 78-17 du 06 janvier 1978. Elles b\u00e9n\u00e9ficient d\u2019un droit d\u2019acc\u00e8s, de rectification, d\u2019opposition \u00e0 communication et de suppression sur simple demande \u00e0\u00a0 : (voire contact plus bas)<\/p>\n<h2 class=\"western\">Donn\u00e9es personnelles<\/h2>\n<p>Les donn\u00e9es \u00e0 caract\u00e8re personnel sont toutes les donn\u00e9es qui contiennent des informations sur la situation personnelle ou mat\u00e9rielle d\u2019un client d\u00e9termin\u00e9 ou d\u00e9terminable. Il s\u2019agit par exemple de votre nom, de l\u2019adresse de votre domicile, de votre sexe, de votre date de naissance, de votre \u00e2ge, de votre num\u00e9ro de t\u00e9l\u00e9phone, de votre adresse \u00e9lectronique ou de votre adresse IP. Cette liste n\u2019est pas exhaustive et a pour seul but d\u2019illustrer ce qui peut relever de la notion de donn\u00e9es \u00e0 caract\u00e8re personne, une donn\u00e9e \u00e0 caract\u00e8re personnel d\u00e9signe aussi toute information se rapportant \u00e0 une personne physique identifi\u00e9e ou identifiable.\u00a0<\/p>\n<h2 class=\"western\"><strong>Protection et traitement de donn\u00e9es \u00e0 caract\u00e8re personnel<\/strong><\/h2>\n<p>Notre site internet respecte la vie priv\u00e9e de l\u2019internaute et se conforme strictement aux lois en vigueur sur la protection de la vie priv\u00e9e et des libert\u00e9s individuelles. Aucune information personnelle n\u2019est collect\u00e9e \u00e0 votre insu.<\/p>\n<h2 class=\"western\">Les\u00a0destinataires des donn\u00e9es<\/h2>\n<p>Uniquement nous,\u00a0 en principe, sauf pr\u00e9cision dans le formulaire lorsqu\u2019une transmission \u00e0 un tiers est n\u00e9cessaire \u00e0 la gestion de votre demande.\u00a0<strong><u>Les courriels, les adresses \u00e9lectroniques ou autres informations nominatives<\/u><\/strong>\u00a0dont ce site est destinataire ne font l\u2019objet d\u2019aucune exploitation et ne sont conserv\u00e9s que pour la dur\u00e9e n\u00e9cessaire \u00e0 leur traitement<\/p>\n<h2 class=\"western\">Partage avec les autorit\u00e9s<\/h2>\n<p>Nous pouvons \u00eatre amen\u00e9 \u00e0 divulguer vos donn\u00e9es \u00e0 caract\u00e8re personnel aux autorit\u00e9s administrative ou judiciaire lorsque leur divulgation est n\u00e9cessaire \u00e0 l\u2019identification, l\u2019interpellation ou la poursuite en justice de tout individu susceptible de porter pr\u00e9judice \u00e0 nos droits, de tout autre utilisateur ou d\u2019un tiers. Nous pouvons enfin \u00eatre l\u00e9galement tenu de divulguer vos donn\u00e9es \u00e0 caract\u00e8re personnel et ne pouvons dans ce cas nous y opposer.<\/p>\n<h2 class=\"western\">Comment prot\u00e9geons nous vos donn\u00e9es \u00e0 caract\u00e8re personnel ?<\/h2>\n<p>Nous avons mis en place des mesures de s\u00e9curit\u00e9 techniques et organisationnelles en vue de garantir la s\u00e9curit\u00e9, l\u2019int\u00e9grit\u00e9 et la confidentialit\u00e9 de toutes vos donn\u00e9es \u00e0 caract\u00e8re personnel, afin d\u2019emp\u00eacher que celles-ci soient d\u00e9form\u00e9es, endommag\u00e9es ou que des tiers non autoris\u00e9s y aient acc\u00e8s. Nous assurons un niveau de s\u00e9curit\u00e9 appropri\u00e9, compte tenu de l\u2019\u00e9tat des connaissances, des co\u00fbts de mise en \u0153uvre et de la nature, de la port\u00e9e, du contexte et des finalit\u00e9s du traitement ainsi que des risques et de leur probabilit\u00e9. Toutefois, il est pr\u00e9cis\u00e9 qu\u2019aucune mesure de s\u00e9curit\u00e9 n\u2019\u00e9tant infaillible, nous ne sommes pas en mesure de garantir une s\u00e9curit\u00e9 absolue \u00e0 vos donn\u00e9es \u00e0 caract\u00e8re personnel..\u00a0<\/p>\n<h2 class=\"western\">Combien de temps conservons nous vos donn\u00e9es \u00e0 caract\u00e8re personnel ?<\/h2>\n<p>En tout \u00e9tat de cause, nous conserverons vos donn\u00e9es \u00e0 caract\u00e8re personnel pendant une dur\u00e9e n\u2019exc\u00e9dant pas celle n\u00e9cessaire au regard des finalit\u00e9s pour lesquelles elles sont trait\u00e9es conform\u00e9ment aux utilisations expos\u00e9es dans la pr\u00e9sente politique de confidentialit\u00e9.<\/p>\n<h2 class=\"western\">Quelles type de donn\u00e9es personnelles collectons, traitons ou utilisons nous, et quelles sont les finalit\u00e9s du traitement des donn\u00e9es .<\/h2>\n<p>Nous collectons uniquement des donn\u00e9es \u00e0 caract\u00e8re personnel ad\u00e9quates, pertinentes et limit\u00e9es \u00e0 ce qui est n\u00e9cessaire au regard des finalit\u00e9s pour lesquelles elles sont trait\u00e9es par notre formulaire de contact. telles que\u00a0\u00a0<b>OBLIGATOIRE\u00a0 :\u00a0<\/b><u><b>Nom et adresse E<\/b><\/u><u><b>-mail<\/b><\/u>\u00a0\u00a0<b>pour vous recontacter et r\u00e9pondre a vos demandes (rendez-vous, rappel t\u00e9l\u00e9phonique, informations divers etc.).<\/b><\/p>\n<p>Ainsi, il ne vous sera jamais demand\u00e9 de renseigner des donn\u00e9es \u00e0 caract\u00e8re personnel consid\u00e9r\u00e9es comme \u00ab sensibles \u00bb, telles que vos\u00a0<strong><u>origines raciales ou ethniques, vos opinions politiques, philosophiques ou religieuses, ou informations bancaires<\/u><\/strong>.<\/p>\n<p>En en utilisant notre formulaire contact ET EN COCHANT LA CASE QUI AUTORISE votre consentement a nous envoy\u00e9s vos informations personnelles sur le Site, vous nous autorisez \u00e0 traiter vos donn\u00e9es \u00e0 caract\u00e8re personnel conform\u00e9ment \u00e0 notre politique de confidentialit\u00e9.\u00a0<\/p>\n<p><u><b>Si vous refusez les termes de cette politique de confidentialit\u00e9, veuillez vous abstenir d\u2019utiliser le Site ainsi que les Services.<\/b><\/u><\/p>\n<h2 class=\"western\">Dans quels cas collectons nous vos donn\u00e9es \u00e0 caract\u00e8re personnel ?<\/h2>\n<p>Nous sommes susceptibles de recueillir et de conserver vos donn\u00e9es \u00e0 caract\u00e8re personnel, notamment lorsque vous :<\/p>\n<ul>\n<li>\n<p>naviguez sur le Site<\/p>\n<\/li>\n<li>\n<p>remplissez notre formulaire de contact.<\/p>\n<\/li>\n<\/ul>\n<p>Nous pouvons recueillir \u00e9galement les informations permettant d\u2019identifier de quelle fa\u00e7on vous acc\u00e9dez au Site, quelles sont les pages consult\u00e9es et pendant combien de temps. Dans ce cadre, nous pouvons avoir recours \u00e0 l\u2019utilisation de Cookies tel que pr\u00e9cis\u00e9 au paragraphe utilisation de cookies.\u00a0<\/p>\n<h2 class=\"western\">Int\u00e9r\u00eats l\u00e9gitime<\/h2>\n<p>Nous collectons et traitons des donn\u00e9es \u00e0 caract\u00e8re personnel dans le cadre de la communication \u00e0 propos de nos services exclusivement, en stricte conformit\u00e9 avec le RGPD. Conform\u00e9ment \u00e0 la r\u00e9glementation en vigueur, l\u2019utilisateur peut \u00e0 tout moment demander la suppression des ces informations en en faisant la requ\u00eate par mail (voire\u00a0<strong>contact<\/strong>\u00a0plus bas)<\/p>\n<h2 class=\"western\">Utilisation de cookies<\/h2>\n<p>Les cookies permettent d\u2019enregistrer les informations (non personnelles) relatives \u00e0 la navigation des utilisateurs sur internet. Les cookies\u00a0 ont pour objectif l\u2019am\u00e9lioration de l\u2019exp\u00e9rience de navigation des visiteurs ainsi que l\u2019optimisation des statistiques. D\u00e8s lors que vous les accept\u00e9s, ceux-ci ne seront utilis\u00e9s uniquement dans le cadre de votre navigation sur le site\u00a0et ce pour une dur\u00e9e de 12 mois maximum.<\/p>\n<p>Voire notre page\u00a0<u>politique-de-cookies-ue<\/u><\/p>\n<h2>Contenu depuis d\u2019autres sites<\/h2>\n<p>Le contenue de ce site peux inclure des contenus de redirections (par exemple des vid\u00e9os, images, articles, liens de redirections\u2026). nous ne sommes pas responsables des contenues, demandes, ou acceptations divers\u00a0 que le visiteur rencontrerais en se rendant sur ces autres sites.<\/p>\n<p>Ces sites web pourraient collecter des donn\u00e9es sur vous, utiliser des cookies, embarquer des outils de suivis tiers, suivre vos interactions avec ces contenus embarqu\u00e9s si vous disposez d\u2019un compte connect\u00e9 sur leur site web.<\/p>\n<h2 class=\"western\">Liens hypertexte<\/h2>\n<p>Nous\u00a0ne contr\u00f4lons pas les sites en connexion avec le notre, et ne saurions donc \u00eatre responsable de leur contenu. Les risques li\u00e9s \u00e0 l\u2019utilisation de ces sites incombent pleinement \u00e0 l\u2019utilisateur. Il se conformera \u00e0 leurs conditions d\u2019utilisation.<\/p>\n<h2 class=\"western\">Droits sur les questions de protection des donn\u00e9es personnelles<\/h2>\n<p>Droits de la personne concern\u00e9e,\u00a0La personne concern\u00e9e a les droits suivants : Droit d\u2019acc\u00e8s de la personne concern\u00e9e (Art.15 RGPD),\u00a0Droit de rectification (Art. 16 RGPD),\u00a0Droit d\u2019opposition (Art. 21 RGPD),\u00a0Droit \u00e0 l\u2019effacement (Art. 17 RGPD),\u00a0Droit \u00e0 la limitation du traitement (Art. 18f. RGPD),\u00a0Droit \u00e0 la portabilit\u00e9 des donn\u00e9es (Art. 20 RGPD).<\/p>\n<p>Pour toute information ou exercice de vos droits Informatique et Libert\u00e9s sur les traitements de donn\u00e9es personnelles, vous pouvez nous contacter et \u00e9ventuellement notre d\u00e9l\u00e9gu\u00e9 \u00e0 la protection des donn\u00e9es (DPO), Conform\u00e9ment \u00e0 la r\u00e9glementation en vigueur, l\u2019utilisateur peut \u00e0 tout moment demander la suppression des ses informations en faisant la requ\u00eate par mail \u00e0 (voire contact plus bas).<\/p>\n<p>Veuillez noter qu\u2019avec de telles demandes, nous devrons nous assurer qu\u2019il s\u2019agit bien de la personne concern\u00e9e.<\/p>\n<h2 class=\"western\">Mise \u00e0 jour de cette politique de confidentialit\u00e9<\/h2>\n<p>Des ajustements peuvent n\u00e9cessiter la mise \u00e0 jour occasionnelle de cette politique de confidentialit\u00e9. Nous vous informerons donc des modifications \u00e9ventuelles.<\/p>\n<h2 class=\"western\"><strong>La Commission Nationale de l\u2019Informatique et des Libert\u00e9s (\u00ab\u00a0CNIL\u00a0\u00bb)<\/strong><\/h2>\n<p>Nous vous rappelons que\u00a0<strong><u>vous pouvez contacter ou d\u00e9poser une plainte<\/u><\/strong>\u00a0aupr\u00e8s de la Cnil, directement sur le site internet de la CNIL ou par courrier \u00e0 l\u2019adresse suivante : Commission Nationale de l\u2019Informatique et des Libert\u00e9s (CNIL), 3 Place de Fontenoy \u2013 TSA 80715, 75334 PARIS CEDEX 07.<\/p>\n<h2>Cr\u00e9dit photos\/images<\/h2>\n<p>Les photos, images, illustrations, logos utilis\u00e9es sur le site sont libres de droits CC0 (Creative Commons Zero) : les images gratuites peuvent \u00eatre utilis\u00e9es sans restriction aucune.<\/p>\n<h2>Responsable l\u00e9gal \/ \u00c9diteur\/Contact\/ DPO<\/h2>\n<p>\u00a0<\/p>\n<ul>\n<li><strong>Nom :<\/strong> Blivet brandon entrepreneur individuel<\/li>\n<li><b>ADRESSE : 19 rue Gutenberg 44340 Bouguenais<\/b><\/li>\n<li><strong style=\"font-size: 14px; color: var( --e-global-color-text ); text-align: var(--text-align);\">T\u00c9L\u00c9PHONE<\/strong><span style=\"font-size: 14px; color: var( --e-global-color-text ); text-align: var(--text-align);\">\u00a0<\/span><strong style=\"font-size: 14px; color: var( --e-global-color-text ); text-align: var(--text-align);\">: 06.87.53.53.54<\/strong><\/li>\n<li><strong style=\"font-size: 14px; color: var( --e-global-color-text ); text-align: var(--text-align);\">E-MAIL: bb.concept.renovation@gmail.com<\/strong><\/li>\n<li><strong style=\"font-size: 14px; color: var( --e-global-color-text ); text-align: var(--text-align);\">SIRET<\/strong><span style=\"font-size: 14px; color: var( --e-global-color-text ); text-align: var(--text-align);\">\u00a0<\/span><strong style=\"font-size: 14px; color: var( --e-global-color-text ); text-align: var(--text-align);\">: 514 895 275 000 14<\/strong><\/li>\n<\/ul>\n<\/div>\n<div class=\"elementor-widget-container\">\n<h2 class=\"western\">H\u00e9bergement<\/h2>\n<p>Ce site est h\u00e9berg\u00e9 par OVH SAS 2 rue Kellermann \u2013 59100 Roubaix \u2013 France\u00a0t\u00e9l: 1017<\/p>\n<p>OVH SAS au capital de 50 000 000 \u20ac<\/p>\n<p>RCS Lille M\u00e9tropole 424 761 419 00045<br \/>Code APE 2620Z<br \/>N\u00b0 TVA : FR 22 424 761 419<br \/>Si\u00e8ge social : 2 rue Kellermann \u2013 59100 Roubaix \u2013 France<\/p>\n<p>OVH SAS est une filiale de la soci\u00e9t\u00e9 OVH Groupe SA, soci\u00e9t\u00e9 immatricul\u00e9e au RCS de Lille sous le num\u00e9ro 537 407 926 sise 2, rue Kellermann, 59100 Roubaix.<\/p>\n<\/div>\n<\/div>\n<\/div>\n<\/div>\n<\/div>\n<\/div>\n<\/article>\n<\/div>\n<\/div>\n<\/div>\n<\/main><\/div>\n<\/div>\n<div class=\"mf-cursor ha-cursor ha-init-hide\">\n<div class=\"mf-cursor-inner ha-cursor-inner\">\n<div class=\"mf-cursor-media ha-cursor-media\">\n<div class=\"mf-cursor-media-box ha-cursor-media-box\">\u00a0<\/div>\n<\/div>\n<\/div>\n<\/div>\t\t\t\t\t\t\t\t<\/div>\n\t\t\t\t<\/div>\n\t\t\t\t\t<\/div>\n\t\t\t\t<\/div>\n\t\t\t\t<\/div>\n\t\t","protected":false},"excerpt":{"rendered":"<p>Mentions l\u00e9gales\u00a0 \u00a0 \u00a0 \u00a0 \u00a0 \u00a0 \u00a0 \u00a0 \u00a0 \u00a0Politique de Confidentialit\u00e9\u00a0 \u00a0 mis a jours le 05\/12\/2024 R\u00e8glement g\u00e9n\u00e9ral sur la protection des donn\u00e9es (RGPD) Nous nous engageons \u00e0 ce que la collecte et le traitement de vos donn\u00e9es, effectu\u00e9s \u00e0 partir de notre site internet,\u00a0soient conformes au r\u00e8glement g\u00e9n\u00e9ral sur la protection [&hellip;]<\/p>\n","protected":false},"author":1,"featured_media":0,"parent":0,"menu_order":0,"comment_status":"closed","ping_status":"closed","template":"","meta":{"ocean_post_layout":"","ocean_both_sidebars_style":"","ocean_both_sidebars_content_width":0,"ocean_both_sidebars_sidebars_width":0,"ocean_sidebar":"","ocean_second_sidebar":"","ocean_disable_margins":"enable","ocean_add_body_class":"","ocean_shortcode_before_top_bar":"","ocean_shortcode_after_top_bar":"","ocean_shortcode_before_header":"","ocean_shortcode_after_header":"","ocean_has_shortcode":"","ocean_shortcode_after_title":"","ocean_shortcode_before_footer_widgets":"","ocean_shortcode_after_footer_widgets":"","ocean_shortcode_before_footer_bottom":"","ocean_shortcode_after_footer_bottom":"","ocean_display_top_bar":"default","ocean_display_header":"default","ocean_header_style":"","ocean_center_header_left_menu":"","ocean_custom_header_template":"","ocean_custom_logo":0,"ocean_custom_retina_logo":0,"ocean_custom_logo_max_width":0,"ocean_custom_logo_tablet_max_width":0,"ocean_custom_logo_mobile_max_width":0,"ocean_custom_logo_max_height":0,"ocean_custom_logo_tablet_max_height":0,"ocean_custom_logo_mobile_max_height":0,"ocean_header_custom_menu":"","ocean_menu_typo_font_family":"","ocean_menu_typo_font_subset":"","ocean_menu_typo_font_size":0,"ocean_menu_typo_font_size_tablet":0,"ocean_menu_typo_font_size_mobile":0,"ocean_menu_typo_font_size_unit":"px","ocean_menu_typo_font_weight":"","ocean_menu_typo_font_weight_tablet":"","ocean_menu_typo_font_weight_mobile":"","ocean_menu_typo_transform":"","ocean_menu_typo_transform_tablet":"","ocean_menu_typo_transform_mobile":"","ocean_menu_typo_line_height":0,"ocean_menu_typo_line_height_tablet":0,"ocean_menu_typo_line_height_mobile":0,"ocean_menu_typo_line_height_unit":"","ocean_menu_typo_spacing":0,"ocean_menu_typo_spacing_tablet":0,"ocean_menu_typo_spacing_mobile":0,"ocean_menu_typo_spacing_unit":"","ocean_menu_link_color":"","ocean_menu_link_color_hover":"","ocean_menu_link_color_active":"","ocean_menu_link_background":"","ocean_menu_link_hover_background":"","ocean_menu_link_active_background":"","ocean_menu_social_links_bg":"","ocean_menu_social_hover_links_bg":"","ocean_menu_social_links_color":"","ocean_menu_social_hover_links_color":"","ocean_disable_title":"default","ocean_disable_heading":"default","ocean_post_title":"","ocean_post_subheading":"","ocean_post_title_style":"","ocean_post_title_background_color":"","ocean_post_title_background":0,"ocean_post_title_bg_image_position":"","ocean_post_title_bg_image_attachment":"","ocean_post_title_bg_image_repeat":"","ocean_post_title_bg_image_size":"","ocean_post_title_height":0,"ocean_post_title_bg_overlay":0.5,"ocean_post_title_bg_overlay_color":"","ocean_disable_breadcrumbs":"default","ocean_breadcrumbs_color":"","ocean_breadcrumbs_separator_color":"","ocean_breadcrumbs_links_color":"","ocean_breadcrumbs_links_hover_color":"","ocean_display_footer_widgets":"default","ocean_display_footer_bottom":"default","ocean_custom_footer_template":"","footnotes":""},"class_list":["post-414","page","type-page","status-publish","hentry","entry"],"yoast_head":"<!-- This site is optimized with the Yoast SEO plugin v27.3 - https:\/\/yoast.com\/product\/yoast-seo-wordpress\/ -->\n<title>Politique de confidentialit\u00e9 -<\/title>\n<meta name=\"robots\" content=\"index, follow, max-snippet:-1, max-image-preview:large, max-video-preview:-1\" \/>\n<link rel=\"canonical\" href=\"https:\/\/bb-concept-renovation.fr\/index.php\/politique-de-confidentialite\/\" \/>\n<meta property=\"og:locale\" content=\"fr_FR\" \/>\n<meta property=\"og:type\" content=\"article\" \/>\n<meta property=\"og:title\" content=\"Politique de confidentialit\u00e9 -\" \/>\n<meta property=\"og:description\" content=\"Mentions l\u00e9gales\u00a0 \u00a0 \u00a0 \u00a0 \u00a0 \u00a0 \u00a0 \u00a0 \u00a0 \u00a0Politique de Confidentialit\u00e9\u00a0 \u00a0 mis a jours le 05\/12\/2024 R\u00e8glement g\u00e9n\u00e9ral sur la protection des donn\u00e9es (RGPD) Nous nous engageons \u00e0 ce que la collecte et le traitement de vos donn\u00e9es, effectu\u00e9s \u00e0 partir de notre site internet,\u00a0soient conformes au r\u00e8glement g\u00e9n\u00e9ral sur la protection [&hellip;]\" \/>\n<meta property=\"og:url\" content=\"https:\/\/bb-concept-renovation.fr\/index.php\/politique-de-confidentialite\/\" \/>\n<meta property=\"article:modified_time\" content=\"2024-12-09T11:58:38+00:00\" \/>\n<meta name=\"twitter:card\" content=\"summary_large_image\" \/>\n<meta name=\"twitter:label1\" content=\"Dur\u00e9e de lecture estim\u00e9e\" \/>\n\t<meta name=\"twitter:data1\" content=\"16 minutes\" \/>\n<script type=\"application\/ld+json\" class=\"yoast-schema-graph\">{\"@context\":\"https:\\\/\\\/schema.org\",\"@graph\":[{\"@type\":\"WebPage\",\"@id\":\"https:\\\/\\\/bb-concept-renovation.fr\\\/index.php\\\/politique-de-confidentialite\\\/\",\"url\":\"https:\\\/\\\/bb-concept-renovation.fr\\\/index.php\\\/politique-de-confidentialite\\\/\",\"name\":\"Politique de confidentialit\u00e9 -\",\"isPartOf\":{\"@id\":\"https:\\\/\\\/bb-concept-renovation.fr\\\/#website\"},\"datePublished\":\"2024-12-09T11:33:29+00:00\",\"dateModified\":\"2024-12-09T11:58:38+00:00\",\"breadcrumb\":{\"@id\":\"https:\\\/\\\/bb-concept-renovation.fr\\\/index.php\\\/politique-de-confidentialite\\\/#breadcrumb\"},\"inLanguage\":\"fr-FR\",\"potentialAction\":[{\"@type\":\"ReadAction\",\"target\":[\"https:\\\/\\\/bb-concept-renovation.fr\\\/index.php\\\/politique-de-confidentialite\\\/\"]}]},{\"@type\":\"BreadcrumbList\",\"@id\":\"https:\\\/\\\/bb-concept-renovation.fr\\\/index.php\\\/politique-de-confidentialite\\\/#breadcrumb\",\"itemListElement\":[{\"@type\":\"ListItem\",\"position\":1,\"name\":\"Accueil\",\"item\":\"https:\\\/\\\/bb-concept-renovation.fr\\\/\"},{\"@type\":\"ListItem\",\"position\":2,\"name\":\"Politique de confidentialit\u00e9\"}]},{\"@type\":\"WebSite\",\"@id\":\"https:\\\/\\\/bb-concept-renovation.fr\\\/#website\",\"url\":\"https:\\\/\\\/bb-concept-renovation.fr\\\/\",\"name\":\"\",\"description\":\"\",\"potentialAction\":[{\"@type\":\"SearchAction\",\"target\":{\"@type\":\"EntryPoint\",\"urlTemplate\":\"https:\\\/\\\/bb-concept-renovation.fr\\\/?s={search_term_string}\"},\"query-input\":{\"@type\":\"PropertyValueSpecification\",\"valueRequired\":true,\"valueName\":\"search_term_string\"}}],\"inLanguage\":\"fr-FR\"}]}<\/script>\n<!-- \/ Yoast SEO plugin. -->","yoast_head_json":{"title":"Politique de confidentialit\u00e9 -","robots":{"index":"index","follow":"follow","max-snippet":"max-snippet:-1","max-image-preview":"max-image-preview:large","max-video-preview":"max-video-preview:-1"},"canonical":"https:\/\/bb-concept-renovation.fr\/index.php\/politique-de-confidentialite\/","og_locale":"fr_FR","og_type":"article","og_title":"Politique de confidentialit\u00e9 -","og_description":"Mentions l\u00e9gales\u00a0 \u00a0 \u00a0 \u00a0 \u00a0 \u00a0 \u00a0 \u00a0 \u00a0 \u00a0Politique de Confidentialit\u00e9\u00a0 \u00a0 mis a jours le 05\/12\/2024 R\u00e8glement g\u00e9n\u00e9ral sur la protection des donn\u00e9es (RGPD) Nous nous engageons \u00e0 ce que la collecte et le traitement de vos donn\u00e9es, effectu\u00e9s \u00e0 partir de notre site internet,\u00a0soient conformes au r\u00e8glement g\u00e9n\u00e9ral sur la protection [&hellip;]","og_url":"https:\/\/bb-concept-renovation.fr\/index.php\/politique-de-confidentialite\/","article_modified_time":"2024-12-09T11:58:38+00:00","twitter_card":"summary_large_image","twitter_misc":{"Dur\u00e9e de lecture estim\u00e9e":"16 minutes"},"schema":{"@context":"https:\/\/schema.org","@graph":[{"@type":"WebPage","@id":"https:\/\/bb-concept-renovation.fr\/index.php\/politique-de-confidentialite\/","url":"https:\/\/bb-concept-renovation.fr\/index.php\/politique-de-confidentialite\/","name":"Politique de confidentialit\u00e9 -","isPartOf":{"@id":"https:\/\/bb-concept-renovation.fr\/#website"},"datePublished":"2024-12-09T11:33:29+00:00","dateModified":"2024-12-09T11:58:38+00:00","breadcrumb":{"@id":"https:\/\/bb-concept-renovation.fr\/index.php\/politique-de-confidentialite\/#breadcrumb"},"inLanguage":"fr-FR","potentialAction":[{"@type":"ReadAction","target":["https:\/\/bb-concept-renovation.fr\/index.php\/politique-de-confidentialite\/"]}]},{"@type":"BreadcrumbList","@id":"https:\/\/bb-concept-renovation.fr\/index.php\/politique-de-confidentialite\/#breadcrumb","itemListElement":[{"@type":"ListItem","position":1,"name":"Accueil","item":"https:\/\/bb-concept-renovation.fr\/"},{"@type":"ListItem","position":2,"name":"Politique de confidentialit\u00e9"}]},{"@type":"WebSite","@id":"https:\/\/bb-concept-renovation.fr\/#website","url":"https:\/\/bb-concept-renovation.fr\/","name":"","description":"","potentialAction":[{"@type":"SearchAction","target":{"@type":"EntryPoint","urlTemplate":"https:\/\/bb-concept-renovation.fr\/?s={search_term_string}"},"query-input":{"@type":"PropertyValueSpecification","valueRequired":true,"valueName":"search_term_string"}}],"inLanguage":"fr-FR"}]}},"_links":{"self":[{"href":"https:\/\/bb-concept-renovation.fr\/index.php\/wp-json\/wp\/v2\/pages\/414","targetHints":{"allow":["GET"]}}],"collection":[{"href":"https:\/\/bb-concept-renovation.fr\/index.php\/wp-json\/wp\/v2\/pages"}],"about":[{"href":"https:\/\/bb-concept-renovation.fr\/index.php\/wp-json\/wp\/v2\/types\/page"}],"author":[{"embeddable":true,"href":"https:\/\/bb-concept-renovation.fr\/index.php\/wp-json\/wp\/v2\/users\/1"}],"replies":[{"embeddable":true,"href":"https:\/\/bb-concept-renovation.fr\/index.php\/wp-json\/wp\/v2\/comments?post=414"}],"version-history":[{"count":13,"href":"https:\/\/bb-concept-renovation.fr\/index.php\/wp-json\/wp\/v2\/pages\/414\/revisions"}],"predecessor-version":[{"id":433,"href":"https:\/\/bb-concept-renovation.fr\/index.php\/wp-json\/wp\/v2\/pages\/414\/revisions\/433"}],"wp:attachment":[{"href":"https:\/\/bb-concept-renovation.fr\/index.php\/wp-json\/wp\/v2\/media?parent=414"}],"curies":[{"name":"wp","href":"https:\/\/api.w.org\/{rel}","templated":true}]}}